{"id":750,"date":"2023-07-03T04:36:03","date_gmt":"2023-07-03T09:36:03","guid":{"rendered":"https:\/\/www.salud101.cc\/?page_id=750"},"modified":"2023-08-27T03:32:34","modified_gmt":"2023-08-27T08:32:34","slug":"tratamiento-anti-vacuna","status":"publish","type":"page","link":"https:\/\/www.salud101.cc\/index.php\/tratamiento-anti-vacuna\/","title":{"rendered":"Tratamiento Anti-Vacunas"},"content":{"rendered":"\n<p>En este seccion vamos a explorar las diferentes opciones de tratamientos Anti-Vacuna COVID-19, es decir, como podriamos limpiar nuestro cuerpo de la proteina de espiga y que podriamos hacer para re-establer nuestra salud post vacuna. La informacion aqui ira aumentando en el tiempo segun se vaya probando diferentes protocolos, recuerden que todo es experimental al igual que la vacuna. Si tienes eventos adversos por la vacuna podrias intentar los protocolos y avisanos si con alguno te va bien.<\/p>\n\n\n\n<p><\/p>\n\n\n\n<h2 class=\"wp-block-heading\">Ayuno de 48 a 72 horas<\/h2>\n\n\n\n<p>El tratamiento de lesiones por vacunas mediante el ayuno de 48 a 72 horas crea autofagia: el proceso de desintoxicaci\u00f3n del cuerpo que mata las c\u00e9lulas da\u00f1adas por la prote\u00edna de pico de la vacuna COVID-19 y reinicia el sistema inmunol\u00f3gico.<\/p>\n\n\n\n<p>Los beneficios del ayuno en las lesiones por la vacuna COVID-19 ahora se est\u00e1n analizando seriamente en la literatura cient\u00edfica con una serie de nuevos art\u00edculos que est\u00e1n saliendo:<\/p>\n\n\n\n<p><strong><a href=\"https:\/\/www.preprints.org\/manuscript\/202306.1306\/v1\">19 de junio de 2023 &#8211; Matthew Halma et al<\/a><\/strong> &#8211; Exploraci\u00f3n de las aplicaciones terap\u00e9uticas de la autofagia en la patolog\u00eda relacionada con la prote\u00edna espiga<br><strong><a href=\"https:\/\/www.ncbi.nlm.nih.gov\/pmc\/articles\/PMC9813631\/\">17 de mayo de 2023 &#8211; Matthew Halma et al<\/a><\/strong> (<a href=\"http:\/\/www.salud101.cc\/wp-content\/uploads\/2023\/07\/microorganisms-11-01308.pdf\">PDF<\/a>)<strong> <\/strong>&#8211; Estrategias para el manejo de la patolog\u00eda relacionada con la prote\u00edna Spike<br><strong><a href=\"https:\/\/www.ncbi.nlm.nih.gov\/pmc\/articles\/PMC9813631\/\">Dic. 2022 &#8211; Horne et al<\/a><\/strong> &#8211; Asociaci\u00f3n del per\u00edodo de ayuno con una menor gravedad de los resultados de COVID-19<br><strong><a href=\"https:\/\/www.sciencedirect.com\/science\/article\/pii\/S2589936821000864\">Marzo de 2022 &#8211; Bhatti et al<\/a> <\/strong>&#8211; El impacto del ayuno desde el amanecer hasta el atardecer en el sistema inmunitario y su importancia cl\u00ednica en la pandemia de COVID-19<\/p>\n\n\n\n<p><\/p>\n\n\n\n<h2 class=\"wp-block-heading\">Detox de la proteina Spike<\/h2>\n\n\n\n<p>El Dr. Peter McCullough refiere lo siguiente: &#8220;En mi pr\u00e1ctica cl\u00ednica, descubr\u00ed que la mayor\u00eda de los pacientes con infecci\u00f3n m\u00faltiple o a los que se les inyect\u00f3 la vacuna COVID-19 con s\u00edntomas posteriores a la COVID-19 responden lentamente despu\u00e9s de tres meses o m\u00e1s al \u201cDetox base de Spike\u201d. El protocolo incluye lo siguiente:<\/p>\n\n\n\n<ol class=\"wp-block-list\">\n<li>Nattokinase 2000 FU (100 mg) dos al dia (es una enzima aislada de la soja fermentada. Se considera un anticoagulante natural y, por lo tanto, se usa en naturopat\u00eda para prevenir enfermedades cardiovasculares)<\/li>\n\n\n\n<li>Bromelain 500 mg diario (La bromelina es un extracto enzim\u00e1tico derivado de los tallos de la pi\u00f1a)<\/li>\n\n\n\n<li>Nano Curcumin 500 mg dos al dia (es la forma modificada de la curcumina en la que las part\u00edculas de curcumina se han convertido en nanopart\u00edculas (peque\u00f1as) para una mejor entrega, solubilidad y absorci\u00f3n en el cuerpo)<\/li>\n<\/ol>\n\n\n\n<figure class=\"wp-block-image size-large\"><img loading=\"lazy\" decoding=\"async\" width=\"1024\" height=\"694\" src=\"https:\/\/www.salud101.cc\/wp-content\/uploads\/2023\/08\/image-1-1024x694.png\" alt=\"\" class=\"wp-image-787\" srcset=\"https:\/\/www.salud101.cc\/wp-content\/uploads\/2023\/08\/image-1-1024x694.png 1024w, https:\/\/www.salud101.cc\/wp-content\/uploads\/2023\/08\/image-1-300x203.png 300w, https:\/\/www.salud101.cc\/wp-content\/uploads\/2023\/08\/image-1-768x520.png 768w, https:\/\/www.salud101.cc\/wp-content\/uploads\/2023\/08\/image-1.png 1280w\" sizes=\"auto, (max-width: 1024px) 100vw, 1024px\" \/><\/figure>\n\n\n\n<p><a rel=\"noreferrer noopener\" href=\"https:\/\/www.americaoutloud.news\/shedding-of-mrna-and-spike-protein-rationale-for-base-spike-detox\/\" target=\"_blank\">https:\/\/www.americaoutloud.news\/shedding-of-mrna-and-spike-protein-rationale-for-base-spike-detox\/<\/a><\/p>\n\n\n\n<p><a href=\"https:\/\/petermcculloughmd.substack.com\/p\/base-spike-detox-focus-on-bromelain?r=14jb45\">https:\/\/petermcculloughmd.substack.com\/p\/base-spike-detox-focus-on-bromelain?r=14jb45<\/a><\/p>\n\n\n\n<p><a href=\"https:\/\/www.ncbi.nlm.nih.gov\/pmc\/articles\/PMC4627456\/\">https:\/\/www.ncbi.nlm.nih.gov\/pmc\/articles\/PMC4627456\/<\/a><\/p>\n\n\n\n<p><a href=\"https:\/\/www.ncbi.nlm.nih.gov\/pmc\/articles\/PMC4998156\/\">https:\/\/www.ncbi.nlm.nih.gov\/pmc\/articles\/PMC4998156\/<\/a><\/p>\n\n\n\n<p><a href=\"https:\/\/www.ncbi.nlm.nih.gov\/pmc\/articles\/PMC6043915\/\">https:\/\/www.ncbi.nlm.nih.gov\/pmc\/articles\/PMC6043915\/<\/a><\/p>\n\n\n\n<figure class=\"wp-block-embed is-type-rich is-provider-twitter wp-block-embed-twitter\"><div class=\"wp-block-embed__wrapper\">\n<blockquote class=\"twitter-tweet\" data-width=\"550\" data-dnt=\"true\"><p lang=\"en\" dir=\"ltr\">NEW ARTICLE: COVID-19 mRNA Vaccine Injury Treatment &#8211; CURCUMIN (Turmeric)<br><br>Blocks spike protein (combine it with Bromelain), treats MYOCARDITIS, has anti-inflammatory, anti-AGING, &amp; anti-TURBO CANCER properties!<br><br>You&#39;ve heard about Nattokinase, Quercetin, N-Acetyl Cysteine, Olive\u2026 <a href=\"https:\/\/t.co\/BhBwdooAnG\">pic.twitter.com\/BhBwdooAnG<\/a><\/p>&mdash; William Makis MD (@MakisMD) <a href=\"https:\/\/twitter.com\/MakisMD\/status\/1690296759069888512?ref_src=twsrc%5Etfw\">August 12, 2023<\/a><\/blockquote><script async src=\"https:\/\/platform.twitter.com\/widgets.js\" charset=\"utf-8\"><\/script>\n<\/div><\/figure>\n\n\n\n<figure class=\"wp-block-embed is-type-wp-embed is-provider-clintel wp-block-embed-clintel\"><div class=\"wp-block-embed__wrapper\">\n<blockquote class=\"wp-embedded-content\" data-secret=\"DfWZqcFX2F\"><a href=\"https:\/\/clintel.org\/nobel-prize-winner-dr-john-f-clauser-signs-the-clintel-world-climate-declaration\/\">Nobel Prize winner Dr. John F. Clauser signs the Clintel World Climate Declaration<\/a><\/blockquote><iframe loading=\"lazy\" class=\"wp-embedded-content\" sandbox=\"allow-scripts\" security=\"restricted\" style=\"position: absolute; clip: rect(1px, 1px, 1px, 1px);\" title=\"&#8220;Nobel Prize winner Dr. John F. Clauser signs the Clintel World Climate Declaration&#8221; &#8212; Clintel\" src=\"https:\/\/clintel.org\/nobel-prize-winner-dr-john-f-clauser-signs-the-clintel-world-climate-declaration\/embed\/#?secret=etvVebkKOv#?secret=DfWZqcFX2F\" data-secret=\"DfWZqcFX2F\" width=\"600\" height=\"338\" frameborder=\"0\" marginwidth=\"0\" marginheight=\"0\" scrolling=\"no\"><\/iframe>\n<\/div><\/figure>\n","protected":false},"excerpt":{"rendered":"<p>En este seccion vamos a explorar las diferentes opciones de tratamientos Anti-Vacuna COVID-19, es decir, como podriamos limpiar nuestro cuerpo de la proteina de espiga y que podriamos hacer para re-establer nuestra salud post vacuna. La informacion aqui ira aumentando en el tiempo segun se vaya probando diferentes protocolos, recuerden que todo es experimental al<\/p>\n","protected":false},"author":1,"featured_media":0,"parent":0,"menu_order":0,"comment_status":"closed","ping_status":"closed","template":"","meta":{"_monsterinsights_skip_tracking":false,"_monsterinsights_sitenote_active":false,"_monsterinsights_sitenote_note":"","_monsterinsights_sitenote_category":0,"footnotes":""},"class_list":["post-750","page","type-page","status-publish","hentry"],"_links":{"self":[{"href":"https:\/\/www.salud101.cc\/index.php\/wp-json\/wp\/v2\/pages\/750","targetHints":{"allow":["GET"]}}],"collection":[{"href":"https:\/\/www.salud101.cc\/index.php\/wp-json\/wp\/v2\/pages"}],"about":[{"href":"https:\/\/www.salud101.cc\/index.php\/wp-json\/wp\/v2\/types\/page"}],"author":[{"embeddable":true,"href":"https:\/\/www.salud101.cc\/index.php\/wp-json\/wp\/v2\/users\/1"}],"replies":[{"embeddable":true,"href":"https:\/\/www.salud101.cc\/index.php\/wp-json\/wp\/v2\/comments?post=750"}],"version-history":[{"count":10,"href":"https:\/\/www.salud101.cc\/index.php\/wp-json\/wp\/v2\/pages\/750\/revisions"}],"predecessor-version":[{"id":788,"href":"https:\/\/www.salud101.cc\/index.php\/wp-json\/wp\/v2\/pages\/750\/revisions\/788"}],"wp:attachment":[{"href":"https:\/\/www.salud101.cc\/index.php\/wp-json\/wp\/v2\/media?parent=750"}],"curies":[{"name":"wp","href":"https:\/\/api.w.org\/{rel}","templated":true}]}}