{"id":62,"date":"2021-02-19T16:29:21","date_gmt":"2021-02-19T16:29:21","guid":{"rendered":"http:\/\/wp.salud101.cc\/?page_id=62"},"modified":"2021-08-04T17:23:29","modified_gmt":"2021-08-04T22:23:29","slug":"dioxido-de-cloro-clo2","status":"publish","type":"page","link":"https:\/\/www.salud101.cc\/index.php\/dioxido-de-cloro-clo2\/","title":{"rendered":"Dioxido de Cloro (ClO2)"},"content":{"rendered":"\n<p><strong>\u201cTu nivel m\u00e1s alto de ignorancia es cuando rechazas algo de lo cual no sabes nada.\u201d &#8211; Wayne Dyer<\/strong><\/p>\n\n\n\n<p>En esta secci\u00f3n nos concentramos mas en el dioxido de cloro debido a que parece ser el mejor tratamiento contra COVID-19 y otras enfermedades.<\/p>\n\n\n\n<p>Por consideraciones legales toda la informaci\u00f3n aqu\u00ed contenida es solo para fines de&nbsp;<em>entretenimiento<\/em>.<\/p>\n\n\n\n<h2 class=\"wp-block-heading\" id=\"info\">Informaci\u00f3n General y Estudios<\/h2>\n\n\n\n<p>Esta secci\u00f3n presenta inforacion general y estudios sobre el dioxido de cloro.<\/p>\n\n\n\n<h3 class=\"wp-block-heading\">Estudios<\/h3>\n\n\n\n<h4 class=\"wp-block-heading\">No toxicidad del dioxido de cloro (disuelto en agua)<\/h4>\n\n\n\n<ul class=\"wp-block-list\"><li><a href=\"https:\/\/www.salud101.cc\/TOXICOLOGICAL-PROFILE-FOR-CHLORINE-DIOXIDE-AND-CHLORITE-1.pdf\">Toxicological Profile For Chlorine Dioxide and Chlorite<\/a>&nbsp;U.S. Department of health and human services &#8211; Public Health Service &#8211; 2004<\/li><li><a href=\"https:\/\/www.who.int\/water_sanitation_health\/water-quality\/guidelines\/chemicals\/chlorine-dioxide-chlorite-chlorate-background-jan17.pdf\">Chlorine Dioxide, Chlorite and Chlorate in Drinking-water (WHO 2016)<\/a>&nbsp;y el mismo en&nbsp;<a href=\"https:\/\/www.salud101.cc\/chlorine-dioxide-chlorite-chlorate-background.pdf\">PDF local<\/a><\/li><li><a href=\"https:\/\/www.who.int\/ipcs\/publications\/cicad\/en\/cicad37.pdf\">Concise International Chemical Assessment Document 37 &#8211; CHLORINE DIOXIDE (GAS)<\/a>&nbsp;y el mismo en&nbsp;<a href=\"https:\/\/www.salud101.cc\/WHO-nontoxic-cicad37.pdf\">PDF local<\/a><\/li><li><a href=\"https:\/\/www.ncbi.nlm.nih.gov\/pmc\/articles\/PMC5369164\/\">Efficacy and Safety Evaluation of a Chlorine Dioxide Solution<\/a><\/li><li><a href=\"https:\/\/www.ncbi.nlm.nih.gov\/pmc\/articles\/PMC1569027\/\">Controlled clinical evaluations of chlorine dioxide, chlorite and chlorate in man<\/a><\/li><li><a href=\"https:\/\/www.ncbi.nlm.nih.gov\/pmc\/articles\/PMC3818415\/\">Chlorine Dioxide Is a Size-Selective Antimicrobial Agent<\/a><\/li><li><a href=\"https:\/\/cfpub.epa.gov\/ncea\/iris\/iris_documents\/documents\/toxreviews\/0648tr.pdf\">Toxicological Review of Chlorine Dioxide and Chlorite (EPA 2000)<\/a>&nbsp;y el mismo en&nbsp;<a href=\"https:\/\/www.salud101.cc\/CLO2-ToxProfile-0648tr.pdf\">PDF local<\/a><\/li><li><a href=\"https:\/\/pubmed.ncbi.nlm.nih.gov\/2184465\/\">Chlorine dioxide and hemodialysis<\/a><\/li><li><a href=\"https:\/\/pubmed.ncbi.nlm.nih.gov\/4009737\/\">Effects of chlorine dioxide on thyroid function in neonatal rats<\/a><\/li><li><a href=\"https:\/\/pubmed.ncbi.nlm.nih.gov\/2213920\/\">Effects of chlorine dioxide on the developing rat brain<\/a><\/li><li><a href=\"https:\/\/ec.europa.eu\/health\/documents\/community-register\/2013\/20130619126156\/dec_126156_es.pdf\">El medicamento \u201cClorito de sodio\u201d queda declarado como medicamento hu\u00e9rfano para la siguiente indicaci\u00f3n: Tratamiento de la esclerosis lateral amiotr\u00f3fica.<\/a>&nbsp;y en&nbsp;<a href=\"https:\/\/www.salud101.cc\/dec_126156_es.pdf\">PDF<\/a><\/li><li><a href=\"https:\/\/www.salud101.cc\/docs\/Howard-Alliger-An-Overall-View-Cl02.pdf\">Overview of Chlorine Dioxide (Howard Alliger)<\/a><\/li><li><a href=\"https:\/\/closys.com\/\">Enjuague Bucal CLOSYS<\/a><\/li><li><a href=\"https:\/\/www.aquamira.com\/product\/aquamira-water-purifier-tablets-20-pack\/?v=e75edac1b83f\">Purificador de Agua Aquamira<\/a><\/li><li><a href=\"https:\/\/www.outdoorgearlab.com\/reviews\/camping-and-hiking\/backpacking-water-filter\/katadyn-micropur-purification\">Purificador de Agua Katadyn Micropur<\/a><\/li><\/ul>\n\n\n\n<h4 class=\"wp-block-heading\">Estudios sobre tratamientos<\/h4>\n\n\n\n<ul class=\"wp-block-list\"><li><a href=\"https:\/\/www.salud101.cc\/A-novel-approach-to-COVID-Nutrition&amp;Oxidation.pdf\">A Novel Approach to Treating COVID-19 Using Nutritional and Oxidative Therapies (July 2020)<\/a><\/li><li><a href=\"https:\/\/www.salud101.cc\/ECUADOR-cds-ensayo-preliminar.pdf\">CDS Ensayo Preliminar de Ecuador (Mayo 2020)<\/a><\/li><li><a href=\"https:\/\/www.salud101.cc\/CHLORINE_DIOXIDE_REACTIVITY_WITH_PROTEINS.pdf\">Chlorine Dioxide reactivity with proteins<\/a><\/li><li><a href=\"https:\/\/clinicaltrials.gov\/ct2\/show\/NCT04343742\">Determination of the Effectiveness of Oral Chlorine Dioxide in the Treatment of COVID 19<\/a><\/li><li><a href=\"https:\/\/www.salud101.cc\/ison2006.pdf\">Kinetics and Mechanisms of Chlorine Dioxide and Chlorite Oxidations of Cysteine and Glutathione<\/a><\/li><li><a href=\"https:\/\/www.salud101.cc\/ogata2008.pdf\">Protective effect of low-concentration chlorine dioxide gas against influenza A virus infection<\/a><\/li><li><a href=\"https:\/\/akjournals.com\/view\/journals\/2060\/107\/1\/article-p1.xml#.XxiBwjxRrik.facebook\">Can chlorine dioxide prevent the spreading of coronavirus or other viral infections? Medical hypotheses<\/a>&nbsp;y en&nbsp;<a href=\"https:\/\/www.salud101.cc\/docs\/PICanCLO2preventcoronavirus.pdf\">PDF<\/a><\/li><li><a href=\"https:\/\/www.ncbi.nlm.nih.gov\/pubmed\/30395996?dopt=Abstract\">Chlorine dioxide inhibits the replication of porcine reproductive and respiratory syndrome virus by blocking viral attachment<\/a><\/li><li><a href=\"https:\/\/www.prnewswire.com\/news-releases\/long-lasting-chlorine-dioxide-clo2-aqueous-solution-presented-by-taiko-pharmaceutical-and-kitasato-university-inactivates-over-99-99-of-sars-cov-2-covid-19-virus-301310684.html\">Long-lasting Chlorine Dioxide (ClO2) Aqueous Solution Presented by Taiko Pharmaceutical and Kitasato University Inactivates over 99.99% of SARS-CoV-2 (COVID-19 Virus). Solution Also Effective against Alpha and Gamma Variants of SARS-CoV-2-<\/a><\/li><\/ul>\n\n\n\n<h3 class=\"wp-block-heading\">Informacion General<\/h3>\n\n\n\n<h4 class=\"wp-block-heading\">Proveedores de dioxido de cloro en el mundo (donde comprar)<\/h4>\n\n\n\n<ul class=\"wp-block-list\"><li><a href=\"https:\/\/www.salud101.cc\/ComprarCDS-20200522.pdf\">Listado Internacional de Proveedores de CDS<\/a><\/li><\/ul>\n\n\n\n<h4 class=\"wp-block-heading\">Patentes relacionadas al Cloro y al Dioxido de Cloro<\/h4>\n\n\n\n<ul class=\"wp-block-list\"><li>Pat 4035483 antis\u00e9ptico:&nbsp;<a href=\"https:\/\/patents.google.com\/patent\/US4035483A\/en\">https:\/\/patents.google.com\/patent\/US4035483A\/en<\/a><\/li><li>Pat 4296102 combate amebiasis:&nbsp;<a href=\"https:\/\/patents.google.com\/patent\/US4296102A\/en\">https:\/\/patents.google.com\/patent\/US4296102A\/en<\/a><\/li><li>Pat 5877222 tratamiento de demencia:&nbsp;<a href=\"https:\/\/patents.google.com\/patent\/US5877222A\/en\">https:\/\/patents.google.com\/patent\/US5877222A\/en<\/a><\/li><li>Pat 4737307 tratamiento de enfermedades de la piel:&nbsp;<a href=\"https:\/\/patents.google.com\/patent\/US4737307A\/en\">https:\/\/patents.google.com\/patent\/US4737307A\/en<\/a><\/li><li>Pat 5019402 esterilizar bolsas de donaci\u00f3n de sangre:&nbsp;<a href=\"https:\/\/patents.google.com\/patent\/US5019402A\/en\">https:\/\/patents.google.com\/patent\/US5019402A\/en<\/a><\/li><li>Pat 5855922 para curar heridas de forma rapida:&nbsp;<a href=\"https:\/\/patents.google.com\/patent\/US5855922A\/en\">https:\/\/patents.google.com\/patent\/US5855922A\/en<\/a><\/li><li>Pat 6251372B1 como enjuague bucal:&nbsp;<a href=\"https:\/\/patents.google.com\/patent\/US6251372B1\/en\">https:\/\/patents.google.com\/patent\/US6251372B1\/en<\/a><\/li><li>Pat 5252343 tratar infecciones:&nbsp;<a href=\"https:\/\/patents.google.com\/patent\/US5252343A\/en\">https:\/\/patents.google.com\/patent\/US5252343A\/en<\/a><\/li><li>Pat 4317814 curar quemaduras:&nbsp;<a href=\"https:\/\/patents.google.com\/patent\/US4317814A\/en\">https:\/\/patents.google.com\/patent\/US4317814A\/en<\/a><\/li><li>Pat 4851222 regenera el hueso:&nbsp;<a href=\"https:\/\/patents.google.com\/patent\/US4851222A\/en\">https:\/\/patents.google.com\/patent\/US4851222A\/en<\/a><\/li><li>Pat 8029826B2 tratamiento de Alzheimer y demencia senil:&nbsp;<a href=\"https:\/\/patents.google.com\/patent\/US8029826?oq=US08029826\">https:\/\/patents.google.com\/patent\/US8029826?oq=US08029826<\/a><\/li><li>Pat 6099855 tratamiento del sistema inmune en animales:&nbsp;<a href=\"https:\/\/patents.google.com\/patent\/US6099855\">https:\/\/patents.google.com\/patent\/US6099855<\/a><\/li><li>Pat 5830511 fortalecer sistema inmune en humanos:&nbsp;<a href=\"https:\/\/patents.google.com\/patent\/US5830511A\/en\">https:\/\/patents.google.com\/patent\/US5830511A\/en<\/a><\/li><li>Cell apoptosis inducer containing chlorine dioxide and use thereof in preparing cosmetics or anti-aging or antineoplastic drugs&nbsp;<a href=\"https:\/\/patents.google.com\/patent\/US20190015445A1\/\">https:\/\/patents.google.com\/patent\/WO2016074203A1\/en<\/a><\/li><li>Injection containing chlorine dioxide and method for making same (tumors)&nbsp;<a href=\"https:\/\/patents.google.com\/patent\/US20190015445A1\/en\">https:\/\/patents.google.com\/patent\/US20190015445A1\/en<\/a><\/li><\/ul>\n\n\n\n<h4 class=\"wp-block-heading\">Autopsias<\/h4>\n\n\n\n<ul class=\"wp-block-list\"><li><a href=\"https:\/\/www.salud101.cc\/docs\/Pulmonary%20and%20Cardiac%20Pathology%20in%20Covid-19%20-2020-04-06.pdf\">Pulmonary and Cardiac Pathology in Covid-19: The First Autopsy Series from New Orleans<\/a><\/li><li><a href=\"https:\/\/www.salud101.cc\/docs\/COVID-19%20PLACENTA%20Shanes.pdf\">Placental Pathology in COVID-19<\/a><\/li><li><a href=\"https:\/\/www.salud101.cc\/docs\/COVID-19%20Pathology%20Renal%20SU.pdf\">Renal histopathological analysis of 26 postmortem findings of patients with COVID-19 in China<\/a><\/li><li><a href=\"https:\/\/www.salud101.cc\/docs\/COVID-19%20Autopsia%20Oklahoma.pdf\">COVID-19 Autopsies, Oklahoma, USA<\/a><\/li><li><a href=\"https:\/\/www.salud101.cc\/docs\/COVID-19%20Autopsia%20New%20Orleans%20Fox.pdf\">Pulmonary and Cardiac Pathology in Covid-19: The First Autopsy Series from New Orleans<\/a><\/li><\/ul>\n\n\n\n<h4 class=\"wp-block-heading\">Noticias<\/h4>\n\n\n\n<ul class=\"wp-block-list\"><li><a href=\"https:\/\/web.senado.gob.bo\/prensa\/noticias\/aprueban-norma-que-permite-la-producci%C3%B3n-y-uso-adecuado-de-la-soluci%C3%B3n-de-di%C3%B3xido-de\">Aprueban norma que permite la producci\u00f3n y uso adecuado de la soluci\u00f3n de di\u00f3xido de cloro para prevenir y tratar el Covid-19 (14\/07\/2020)<\/a><\/li><li><a href=\"https:\/\/fox8.com\/news\/pathologist-found-blood-clots-in-almost-every-organ-during-autopsies-on-covid-19-patients\/\">Pathologist found blood clots in \u2018almost every organ\u2019 during autopsies on COVID-19 patients<\/a><\/li><li><a href=\"https:\/\/www.prnewswire.com\/news-releases\/long-lasting-chlorine-dioxide-clo2-aqueous-solution-presented-by-taiko-pharmaceutical-and-kitasato-university-inactivates-over-99-99-of-sars-cov-2-covid-19-virus-301310684.html\">Soluci\u00f3n acuosa de di\u00f3xido de cloro (ClO2) de larga duraci\u00f3n presentada por Taiko Pharmaceutical y la Universidad de Kitasato inactiva m\u00e1s del 99,99% del SARS-CoV-2 (11 Junio 2021) <\/a><\/li><\/ul>\n\n\n\n<h4 class=\"wp-block-heading\">Otros estudios relacionados al tratamiento de COVID-19 pero no al ClO2<\/h4>\n\n\n\n<ul class=\"wp-block-list\"><li><a href=\"https:\/\/www.salud101.cc\/Hipotesis_polisorbato_interferencia_coronavirus.pdf\">Hip\u00f3tesis: Posible interferencia inmunol\u00f3gica entre el POLISORBATO 80 de la vacuna antigripal adyuvada y el SARS-CoV-2 como causa de la pandemia por coronavirus<\/a><\/li><li><a href=\"https:\/\/www.salud101.cc\/More%20Evidence%20Ventilators%20Deadly%20for%20COVID%20Patients.pdf\">More Evidence Ventilators Deadly for COVID Patients<\/a><\/li><\/ul>\n\n\n\n<h2 class=\"wp-block-heading\" id=\"videos\">Videos<\/h2>\n\n\n\n<h3 class=\"wp-block-heading\">Explicaci\u00f3n de no toxicidad y efectividad del dioxido de cloro<\/h3>\n\n\n\n<p>Dra. Rita Denegri explica y demuestra la no toxicidad del dioxido de cloro. Tambien se presenta evidencia de su eficacia en el tratamiento de COVID-19 y un pedido a la comunidad scientifica a investigarlo apropiadamente.<\/p>\n\n\n\n<figure class=\"wp-block-embed is-type-wp-embed is-provider-bitchute wp-block-embed-bitchute\"><div class=\"wp-block-embed__wrapper\">\n<iframe loading=\"lazy\" class=\"wp-embedded-content\" sandbox=\"allow-scripts\" security=\"restricted\" title=\"Llamado al analisis cientifico del CDS\" width=\"459\" height=\"344\" src=\"https:\/\/www.bitchute.com\/embed\/ozihYiMYYcU1\/?feature=oembed#?secret=TEX56WSlFz\" data-secret=\"TEX56WSlFz\" frameborder=\"0\"><\/iframe>\n<\/div><\/figure>\n\n\n\n<h3 class=\"wp-block-heading\">Explicacion cientifica del dioxido de cloro<\/h3>\n\n\n\n<p>Explicacion cientifica del dioxido de cloro, su funcionamiento y su no toxicidad (depende de la dosis como todo).<\/p>\n\n\n\n<figure class=\"wp-block-embed is-type-wp-embed is-provider-bitchute wp-block-embed-bitchute\"><div class=\"wp-block-embed__wrapper\">\n<iframe loading=\"lazy\" class=\"wp-embedded-content\" sandbox=\"allow-scripts\" security=\"restricted\" title=\"Explicacion Cientifica del Dioxido de Cloro\" width=\"459\" height=\"344\" src=\"https:\/\/www.bitchute.com\/embed\/6LvkAP3ffxsi\/?feature=oembed#?secret=Ch6YyHFEOI\" data-secret=\"Ch6YyHFEOI\" frameborder=\"0\"><\/iframe>\n<\/div><\/figure>\n\n\n\n<h3 class=\"wp-block-heading\">Entrevista: Dr. Manuel Aparicio (1)<\/h3>\n\n\n\n<p>El Dioxido de Cloro podr\u00eda ayudar a combatir el COVID-19.<\/p>\n\n\n\n<figure class=\"wp-block-embed is-type-wp-embed is-provider-bitchute wp-block-embed-bitchute\"><div class=\"wp-block-embed__wrapper\">\n<iframe loading=\"lazy\" class=\"wp-embedded-content\" sandbox=\"allow-scripts\" security=\"restricted\" title=\"Entrevista Dr Aparicio - El dioxido de cloro podria ayudar en COVID-19\" width=\"459\" height=\"344\" src=\"https:\/\/www.bitchute.com\/embed\/viC4yU9yyKFN\/?feature=oembed#?secret=KBFblHxPjP\" data-secret=\"KBFblHxPjP\" frameborder=\"0\"><\/iframe>\n<\/div><\/figure>\n\n\n\n<h3 class=\"wp-block-heading\">Entrevista: Dr. Manuel Aparicio (2)<\/h3>\n\n\n\n<p>Testimonio sobre pacientes curados con dioxido de cloro.<\/p>\n\n\n\n<figure class=\"wp-block-embed is-type-wp-embed is-provider-bitchute wp-block-embed-bitchute\"><div class=\"wp-block-embed__wrapper\">\n<iframe loading=\"lazy\" class=\"wp-embedded-content\" sandbox=\"allow-scripts\" security=\"restricted\" title=\"Entrevista al Dr Manuel Aparicio\" width=\"459\" height=\"344\" src=\"https:\/\/www.bitchute.com\/embed\/LwXhSNsLB8uB\/?feature=oembed#?secret=DiRXgJvcqz\" data-secret=\"DiRXgJvcqz\" frameborder=\"0\"><\/iframe>\n<\/div><\/figure>\n\n\n\n<h3 class=\"wp-block-heading\">Entrevista: Dra. Karina Acevedo<\/h3>\n\n\n\n<p>Vale la pena analizar el dioxido de cloro.<\/p>\n\n\n\n<figure class=\"wp-block-embed is-type-wp-embed is-provider-bitchute wp-block-embed-bitchute\"><div class=\"wp-block-embed__wrapper\">\n<iframe loading=\"lazy\" class=\"wp-embedded-content\" sandbox=\"allow-scripts\" security=\"restricted\" title=\"Entrevista Dra Karina Acevedo sobre dioxido de cloro\" width=\"459\" height=\"344\" src=\"https:\/\/www.bitchute.com\/embed\/pkHiPzIUSOSh\/?feature=oembed#?secret=aFviG5VT3s\" data-secret=\"aFviG5VT3s\" frameborder=\"0\"><\/iframe>\n<\/div><\/figure>\n\n\n\n<h3 class=\"wp-block-heading\">Reunion Zoom de Investigadores ClO2 del Per\u00fa (1)<\/h3>\n\n\n\n<p>Conferencia de Junio de 2020.<\/p>\n\n\n\n<figure class=\"wp-block-embed is-type-wp-embed is-provider-bitchute wp-block-embed-bitchute\"><div class=\"wp-block-embed__wrapper\">\n<iframe loading=\"lazy\" class=\"wp-embedded-content\" sandbox=\"allow-scripts\" security=\"restricted\" title=\"Zoom de Investigadores Peru P1\" width=\"459\" height=\"344\" src=\"https:\/\/www.bitchute.com\/embed\/XfhrQQPzR3HO\/?feature=oembed#?secret=Za4ilSeYeP\" data-secret=\"Za4ilSeYeP\" frameborder=\"0\"><\/iframe>\n<\/div><\/figure>\n\n\n\n<h3 class=\"wp-block-heading\">Reunion Zoom de Investigadores ClO2 del Per\u00fa (2)<\/h3>\n\n\n\n<p>Conferencia del 8 de Julio de 2020.<\/p>\n\n\n\n<figure class=\"wp-block-embed is-type-wp-embed is-provider-bitchute wp-block-embed-bitchute\"><div class=\"wp-block-embed__wrapper\">\n<iframe loading=\"lazy\" class=\"wp-embedded-content\" sandbox=\"allow-scripts\" security=\"restricted\" title=\"Zoom de Investigadores Peru P2\" width=\"459\" height=\"344\" src=\"https:\/\/www.bitchute.com\/embed\/Ifgy7EarRIdn\/?feature=oembed#?secret=RoQPnWfnSO\" data-secret=\"RoQPnWfnSO\" frameborder=\"0\"><\/iframe>\n<\/div><\/figure>\n\n\n\n<h3 class=\"wp-block-heading\">Hipoxia Sistemica inducida por COVID-19<\/h3>\n\n\n\n<p>Video que intenta explicar la hipoxia sistemica a nivel de la hemoglobina desatada por el COVID-19.<\/p>\n\n\n\n<figure class=\"wp-block-embed is-type-wp-embed is-provider-bitchute wp-block-embed-bitchute\"><div class=\"wp-block-embed__wrapper\">\n<iframe loading=\"lazy\" class=\"wp-embedded-content\" sandbox=\"allow-scripts\" security=\"restricted\" title=\"Hipoxia Sistemica inducida por COVID-19\" width=\"459\" height=\"344\" src=\"https:\/\/www.bitchute.com\/embed\/63TtnLsQRv8O\/?feature=oembed#?secret=3EZEWtTk0N\" data-secret=\"3EZEWtTk0N\" frameborder=\"0\"><\/iframe>\n<\/div><\/figure>\n\n\n\n<h3 class=\"wp-block-heading\">Uso de dioxido de cloro en Oruro &#8211; Bolivia<\/h3>\n\n\n\n<p>Breve nota sobre el uso de Dioxido de Cloro en pacientes COVID-19 en Oruro, Bolivia.<\/p>\n\n\n\n<figure class=\"wp-block-embed is-type-wp-embed is-provider-bitchute wp-block-embed-bitchute\"><div class=\"wp-block-embed__wrapper\">\n<iframe loading=\"lazy\" class=\"wp-embedded-content\" sandbox=\"allow-scripts\" security=\"restricted\" title=\"Uso de Dioxido de Cloro en Oruro - Bolivia\" width=\"459\" height=\"344\" src=\"https:\/\/www.bitchute.com\/embed\/WsViDmkoUFLh\/?feature=oembed#?secret=vWG8msGD0f\" data-secret=\"vWG8msGD0f\" frameborder=\"0\"><\/iframe>\n<\/div><\/figure>\n\n\n\n<h3 class=\"wp-block-heading\">Obispos piden renuncia del ministro de salud en Ecuador<\/h3>\n\n\n\n<p>Noticia de Ecuador: Obispos piden renuncia del Ministro de Salud de Ecuador por no promover el uso de CDS para tratar el COVID-19.<\/p>\n\n\n\n<figure class=\"wp-block-embed is-type-wp-embed is-provider-bitchute wp-block-embed-bitchute\"><div class=\"wp-block-embed__wrapper\">\n<iframe loading=\"lazy\" class=\"wp-embedded-content\" sandbox=\"allow-scripts\" security=\"restricted\" title=\"Obispos piden renuncia del Ministro de Salud de Ecuador\" width=\"459\" height=\"344\" src=\"https:\/\/www.bitchute.com\/embed\/k2phdXMoguOv\/?feature=oembed#?secret=w3S2dkrWX4\" data-secret=\"w3S2dkrWX4\" frameborder=\"0\"><\/iframe>\n<\/div><\/figure>\n\n\n\n<h3 class=\"wp-block-heading\">Noticias desde Barcelona sobre nuevo estudio<\/h3>\n\n\n\n<p>Breve nota sobre un estudio multicentrico.<\/p>\n\n\n\n<figure class=\"wp-block-embed is-type-wp-embed is-provider-bitchute wp-block-embed-bitchute\"><div class=\"wp-block-embed__wrapper\">\n<iframe loading=\"lazy\" class=\"wp-embedded-content\" sandbox=\"allow-scripts\" security=\"restricted\" title=\"Noticias desde Barcelona sobre nuevos estudios\" width=\"459\" height=\"344\" src=\"https:\/\/www.bitchute.com\/embed\/Mbnv69alraaY\/?feature=oembed#?secret=UQxBmvtSdo\" data-secret=\"UQxBmvtSdo\" frameborder=\"0\"><\/iframe>\n<\/div><\/figure>\n\n\n\n<h3 class=\"wp-block-heading\">Reuda de Prensa de Medicos por la Verdad (Parte)<\/h3>\n\n\n\n<p>Parte de la rueda de prensa de la agrupacion Medicos por la Verdad (<a href=\"https:\/\/www.xn--rzte-fr-aufklrung-pqbn68b.de\/\">https:\/\/www.xn--rzte-fr-aufklrung-pqbn68b.de\/<\/a>) donde se hace referencia a los tratamientos oxidativos.<\/p>\n\n\n\n<figure class=\"wp-block-embed is-type-wp-embed is-provider-bitchute wp-block-embed-bitchute\"><div class=\"wp-block-embed__wrapper\">\n<iframe loading=\"lazy\" class=\"wp-embedded-content\" sandbox=\"allow-scripts\" security=\"restricted\" title=\"Rueda de Prensa Medicos por la Verdad\" width=\"459\" height=\"344\" src=\"https:\/\/www.bitchute.com\/embed\/jjjw7wnTzj90\/?feature=oembed#?secret=CpJSo5MbC1\" data-secret=\"CpJSo5MbC1\" frameborder=\"0\"><\/iframe>\n<\/div><\/figure>\n\n\n\n<h2 class=\"wp-block-heading\">Dr. Aparicio sobre dosificacion de CDS en ni\u00f1os<\/h2>\n\n\n\n<figure class=\"wp-block-video\"><video height=\"352\" style=\"aspect-ratio: 640 \/ 352;\" width=\"640\" controls src=\"https:\/\/www.salud101.cc\/wp-content\/uploads\/2021\/08\/DrAparicioCDSenKids.mp4\"><\/video><\/figure>\n","protected":false},"excerpt":{"rendered":"<p>\u201cTu nivel m\u00e1s alto de ignorancia es cuando rechazas algo de lo cual no sabes nada.\u201d &#8211; Wayne Dyer En esta secci\u00f3n nos concentramos mas en el dioxido de cloro debido a que parece ser el mejor tratamiento contra COVID-19 y otras enfermedades. Por consideraciones legales toda la informaci\u00f3n aqu\u00ed contenida es solo para fines<\/p>\n","protected":false},"author":1,"featured_media":0,"parent":0,"menu_order":0,"comment_status":"closed","ping_status":"closed","template":"","meta":{"_monsterinsights_skip_tracking":false,"_monsterinsights_sitenote_active":false,"_monsterinsights_sitenote_note":"","_monsterinsights_sitenote_category":0,"footnotes":""},"class_list":["post-62","page","type-page","status-publish","hentry"],"_links":{"self":[{"href":"https:\/\/www.salud101.cc\/index.php\/wp-json\/wp\/v2\/pages\/62","targetHints":{"allow":["GET"]}}],"collection":[{"href":"https:\/\/www.salud101.cc\/index.php\/wp-json\/wp\/v2\/pages"}],"about":[{"href":"https:\/\/www.salud101.cc\/index.php\/wp-json\/wp\/v2\/types\/page"}],"author":[{"embeddable":true,"href":"https:\/\/www.salud101.cc\/index.php\/wp-json\/wp\/v2\/users\/1"}],"replies":[{"embeddable":true,"href":"https:\/\/www.salud101.cc\/index.php\/wp-json\/wp\/v2\/comments?post=62"}],"version-history":[{"count":9,"href":"https:\/\/www.salud101.cc\/index.php\/wp-json\/wp\/v2\/pages\/62\/revisions"}],"predecessor-version":[{"id":406,"href":"https:\/\/www.salud101.cc\/index.php\/wp-json\/wp\/v2\/pages\/62\/revisions\/406"}],"wp:attachment":[{"href":"https:\/\/www.salud101.cc\/index.php\/wp-json\/wp\/v2\/media?parent=62"}],"curies":[{"name":"wp","href":"https:\/\/api.w.org\/{rel}","templated":true}]}}