{"id":58,"date":"2021-02-19T16:28:18","date_gmt":"2021-02-19T16:28:18","guid":{"rendered":"http:\/\/wp.salud101.cc\/?page_id=58"},"modified":"2023-05-09T04:27:05","modified_gmt":"2023-05-09T09:27:05","slug":"profilaxis","status":"publish","type":"page","link":"https:\/\/www.salud101.cc\/index.php\/profilaxis\/","title":{"rendered":"Profilaxis"},"content":{"rendered":"\n<p>Esta secci\u00f3n esta pensada para ver como nos podemos proteger del virus y otras infecciones. El principio b\u00e1sico es el de mantener el sistema inmune natural del cuerpo funcionando a un 100%. Este acercamiento mas natural es especialmente importante en paises con sistemas de salud debiles o paises con gran cantidad de personas viviendo en pobreza.<\/p>\n\n\n\n<p>\u00daltima modificaci\u00f3n: Febrero 2022<\/p>\n\n\n\n<hr class=\"wp-block-separator has-css-opacity\"\/>\n\n\n\n<p>Probablemente no todo lo que sigue se pueda conseguir en tu pa\u00eds pero seguramente podras aplicar varias de las siguientes opciones:<\/p>\n\n\n\n<h2 class=\"wp-block-heading\" id=\"zinc-zn2\">Zinc (Zn<sup>2+<\/sup>)<\/h2>\n\n\n\n<p>El Zinc inhibe la replicacion del virus. De hecho la chloroquina y la hydroxychloroquina incrementan las concentraciones de Zinc intracelulares.<\/p>\n\n\n\n<p><strong>Zinc 75-100mg \/ dia (acetato o gluconato)<\/strong><\/p>\n\n\n\n<ul class=\"wp-block-list\">\n<li>Zn&nbsp;<sup>2+<\/sup>&nbsp;Inhibits Coronavirus and Arterivirus RNA Polymerase Activity&nbsp;<em>In Vitro<\/em>&nbsp;and Zinc Ionophores Block the Replication of These Viruses in Cell Culture&nbsp;&nbsp;<a rel=\"noreferrer noopener\" href=\"https:\/\/journals.plos.org\/plospathogens\/article?id=10.1371\/journal.ppat.1001176\" target=\"_blank\">https:\/\/journals.plos.org\/plospathogens\/article?id=10.1371\/journal.ppat.1001176<\/a><\/li>\n<\/ul>\n\n\n\n<h2 class=\"wp-block-heading\" id=\"acido-ascorbico-vitamina-c\">Acido Ascorbico (Vitamina C)<\/h2>\n\n\n\n<p>La Vitamina C es un antioxidante importante para el cuerpo humano, ayuda a reducir la reaccion inflamatoria y previene el resfriado comun. Algunos estudios han demostrado que la deficiencia de Vitamina C incrementa el riesgo y severidad de la influenza. China esta actualmente haciendo estudios de su uso endovenoso con dosis de 24,000mg \/ dia en pacientes con coronavirus y complicaciones respiratorias.<\/p>\n\n\n\n<p><strong>Vitamina C 500mg (pueden ser 1000mg) x2 al d\u00eda<\/strong>&nbsp;(ojo no tomar con azucar porque inhibe en parte su absorci\u00f3n, idealmente usar Vitamina C liposomal)<\/p>\n\n\n\n<ul class=\"wp-block-list\">\n<li>Tres estudios de Vitamina C&nbsp;<a rel=\"noreferrer noopener\" href=\"http:\/\/orthomolecular.org\/resources\/omns\/v16n12.shtml\" target=\"_blank\">http:\/\/orthomolecular.org\/resources\/omns\/v16n12.shtml<\/a><\/li>\n\n\n\n<li>WebMD Vitamina C&nbsp;&nbsp;<a href=\"https:\/\/www.webmd.com\/diet\/features\/the-benefits-of-vitamin-c#1\">https:\/\/www.webmd.com\/diet\/features\/the-benefits-of-vitamin-c#1<\/a><\/li>\n\n\n\n<li>Coronavirus: Is High-Dose Vitamin C the Answer?&nbsp;&nbsp;<a href=\"https:\/\/innovationcompounding.com\/coronavirus\/\">https:\/\/innovationcompounding.com\/coronavirus\/<\/a><\/li>\n\n\n\n<li>Vitamin C Infusion for the Treatment of Severe 2019-nCoV Infected Pneumonia&nbsp;&nbsp;<a href=\"https:\/\/clinicaltrials.gov\/ct2\/show\/NCT04264533\">https:\/\/clinicaltrials.gov\/ct2\/show\/NCT04264533<\/a><\/li>\n\n\n\n<li>Vitamin C Evidence for Treating Complications of COVID-19 and other Viral Infections&nbsp;<a href=\"http:\/\/orthomolecular.org\/resources\/omns\/v16n25.shtml\">http:\/\/orthomolecular.org\/resources\/omns\/v16n25.shtml<\/a><\/li>\n<\/ul>\n\n\n\n<h2 class=\"wp-block-heading\" id=\"vitamina-d3\">Vitamina D<sub>3<\/sub><\/h2>\n\n\n\n<p>La Vitamina D tiene efectos de mejoramiento del sistema inmune. Vale la pena aclarar que es la D<sub>3<\/sub>, existen alimentos con D<sub>2<\/sub>&nbsp;pero esa es de calidad inferior por decirlo en una forma simple. Niveles bajos de Vitamina D han demostrado incrementar el riesgo de infecciones virales del sistema respiratorio superior<\/p>\n\n\n\n<p>Lo interesante de la Vitamina D es que se puede obtener gratis con el Sol ya que la piel la puede sintetizar. Exponerse al Sol una hora al dia aproximadamente sin bloqueador (depende del color de la piel, a mas clara menos tiempo, importante evitar quemarse) pero evitar el horario de 11:00 a 14:00 horas.<\/p>\n\n\n\n<p><strong>Vitamina D<sub>3<\/sub>&nbsp;5000 UI \/ d\u00eda (alternativamente exponerse al Sol)<\/strong><\/p>\n\n\n\n<ul class=\"wp-block-list\">\n<li>Los niveles de 25OHD son m\u00e1s bajos en pacientes hospitalizados con COVID-19 que en los controles basados en la poblaci\u00f3n y estos pacientes ten\u00edan una mayor prevalencia de deficiencia. <a href=\"https:\/\/academic.oup.com\/jcem\/article\/106\/3\/e1343\/5934827?login=false\">https:\/\/academic.oup.com\/jcem\/article\/106\/3\/e1343\/5934827?login=false<\/a> <\/li>\n\n\n\n<li><a href=\"https:\/\/journals.plos.org\/plosone\/article?id=10.1371\/journal.pone.0263069\">Niveles de 25-hidroxivitamina D3 previos a la infecci\u00f3n y asociaci\u00f3n con la gravedad de la enfermedad por COVID-19<\/a><\/li>\n\n\n\n<li><a href=\"https:\/\/www.medrxiv.org\/content\/10.1101\/2021.09.22.21263977v1\">COVID-19 mortality risk correlates inversely with vitamin D3 status, and a mortality rate close to zero could theoretically be achieved at 50 ng\/ml 25(OH)D3: Results of a systematic review and meta-analysis<\/a><\/li>\n\n\n\n<li><a href=\"https:\/\/pubmed.ncbi.nlm.nih.gov\/34308537\/\">A systematic review and meta-analysis of effect of vitamin D levels on the incidence of COVID-19<\/a><\/li>\n\n\n\n<li><a href=\"https:\/\/www.youtube.com\/watch?v=xEU7Hb8KrpM\">Vitamin D \u2013 \u201eHype oder Hope\u201c Vortrag von Prof. Dr. J\u00f6rg Spitz<\/a><\/li>\n\n\n\n<li>Vitamin D and the Immune System&nbsp;&nbsp;<a href=\"https:\/\/www.ncbi.nlm.nih.gov\/pmc\/articles\/PMC3166406\/\">https:\/\/www.ncbi.nlm.nih.gov\/pmc\/articles\/PMC3166406\/<\/a><\/li>\n\n\n\n<li>Vitamin D Supplementation Could Possibly Improve Clinical Outcomes of Patients Infected with Coronavirus-2019&nbsp;<a href=\"https:\/\/papers.ssrn.com\/sol3\/papers.cfm?abstract_id=3571484\">https:\/\/papers.ssrn.com\/sol3\/papers.cfm?abstract_id=3571484<\/a> <a href=\"http:\/\/www.salud101.cc\/wp-content\/uploads\/2021\/06\/Evidence_that_Vitamin_D_Supplementation_Could_Redu.pdf\">PDF<\/a><\/li>\n\n\n\n<li>Vitamin D supplementation to prevent acute respiratory tract infections: systematic review and meta-analysis of individual participant data&nbsp;<a href=\"https:\/\/www.bmj.com\/content\/356\/bmj.i6583\">https:\/\/www.bmj.com\/content\/356\/bmj.i6583<\/a><\/li>\n\n\n\n<li>First Data to be Published on COVID-19 Severity and Vitamin D Levels&nbsp;<a href=\"https:\/\/www.grassrootshealth.net\/blog\/first-data-published-covid-19-severity-vitamin-d-levels\/\">https:\/\/www.grassrootshealth.net\/blog\/first-data-published-covid-19-severity-vitamin-d-levels\/<\/a><\/li>\n\n\n\n<li>Vitamin D Level Is Directly Correlated to COVID-19 Outcome&nbsp;<a href=\"https:\/\/articles.mercola.com\/sites\/articles\/archive\/2020\/05\/08\/vitamin-d-level-correlated-to-covid19-outcomes.aspx\">https:\/\/articles.mercola.com\/sites\/articles\/archive\/2020\/05\/08\/vitamin-d-level-correlated-to-covid19-outcomes.aspx<\/a><\/li>\n\n\n\n<li><a href=\"https:\/\/www.salud101.cc\/VitD_C19_CytokineStorm.pdf\">Vitamin D, COVID-19, and Cytokine Storm<\/a><\/li>\n\n\n\n<li><a href=\"https:\/\/www.researchgate.net\/publication\/340557232_Vitamin_D_Supplementation_Could_Possibly_Improve_Clinical_Outcomes_of_Patients_Infected_with_Coronavirus-2019_COVID-2019\">La suplementaci\u00f3n con vitamina D podr\u00eda mejorar los resultados cl\u00ednicos de los pacientes infectados con el coronavirus-2019<\/a><\/li>\n\n\n\n<li><a href=\"https:\/\/www.foundmyfitness.com\/episodes\/vitamin-d-covid-19\">Vitamin D may reduce susceptibility to COVID-19-associated lung injury<\/a><\/li>\n<\/ul>\n\n\n\n<h2 class=\"wp-block-heading\" id=\"quercetin-quercetina\">Quercetin (Quercetina)<\/h2>\n\n\n\n<p>Quercetina es un fitoquimico de las plantas. Datos clinicos experimentales sugieren que este compuesto tiene amplias propiedades antivirales. Alimentos que contienen Quercetina son por ejemplo: manzana, cebolla, esparrago, lechuga roja, broccoli, uvas, tomates.<\/p>\n\n\n\n<p><strong>Quercetina 250-500mg x2 al dia<\/strong><\/p>\n\n\n\n<ul class=\"wp-block-list\">\n<li>Quercetin: 8 Proven Benefits of This Antioxidant&nbsp;&nbsp;<a href=\"https:\/\/draxe.com\/nutrition\/quercetin\/\">https:\/\/draxe.com\/nutrition\/quercetin\/<\/a><\/li>\n\n\n\n<li>Quercetin, Inflammation and Immunity&nbsp;&nbsp;<a href=\"https:\/\/www.ncbi.nlm.nih.gov\/pmc\/articles\/PMC4808895\/\">https:\/\/www.ncbi.nlm.nih.gov\/pmc\/articles\/PMC4808895\/<\/a><\/li>\n\n\n\n<li>Foods With the Highest Content of Quercetin&nbsp;&nbsp;<a href=\"https:\/\/www.livestrong.com\/article\/301326-foods-with-the-highest-content-of-quercetin\/\">https:\/\/www.livestrong.com\/article\/301326-foods-with-the-highest-content-of-quercetin\/<\/a><\/li>\n<\/ul>\n\n\n\n<h2 class=\"wp-block-heading\" id=\"melatonina\">Melatonina<\/h2>\n\n\n\n<p>Datos recientes sugieren que adem\u00e1s de su propiedad como potente antioxidante, la melatonina tiene efecto antiviral contra el COVID-19.<\/p>\n\n\n\n<p><strong>Melatonina 1-2mg en la noche<\/strong><\/p>\n\n\n\n<ul class=\"wp-block-list\">\n<li>Melatonin&nbsp;&nbsp;<a href=\"https:\/\/www.drugs.com\/melatonin.html\">https:\/\/www.drugs.com\/melatonin.html<\/a><\/li>\n\n\n\n<li>COVID-19: Melatonin as a potential adjuvant treatment&nbsp;&nbsp;<a href=\"https:\/\/www.sciencedirect.com\/science\/article\/pii\/S0024320520303313\">https:\/\/www.sciencedirect.com\/science\/article\/pii\/S0024320520303313<\/a><\/li>\n<\/ul>\n\n\n\n<h2 class=\"wp-block-heading\" id=\"hongo-chaga-inonotus-obliquus\">Hongo Chaga (Inonotus obliquus)<\/h2>\n\n\n\n<p>Este hongo es un poderoso antiseptico con acci\u00f3n antiviral. Otros nombres comunes por los que se le conoce:<\/p>\n\n\n\n<ul class=\"wp-block-list\">\n<li>Cinder conk<\/li>\n\n\n\n<li>Birch conk <\/li>\n\n\n\n<li>Clinker polypore<\/li>\n\n\n\n<li>Black Mass<\/li>\n<\/ul>\n\n\n\n<p><strong>Una taza de Te de Chaga al dia (tambien hay cafe con Chaga o polvo de Chaga(0.5g))<\/strong><\/p>\n\n\n\n<ul class=\"wp-block-list\">\n<li>Optimize your Immune System with Chaga Mushroom protection against viruses and other pathogens&nbsp;&nbsp;<a href=\"https:\/\/www.annandachaga.com\/blogs\/news\/chaga-anti-virus-protection\">https:\/\/www.annandachaga.com\/blogs\/news\/chaga-anti-virus-protection<\/a><\/li>\n\n\n\n<li>Continuous intake of the Chaga mushroom (Inonotus obliquus) aqueous extract suppresses cancer progression and maintains body temperature in mice&nbsp;&nbsp;<a href=\"https:\/\/www.ncbi.nlm.nih.gov\/pmc\/articles\/PMC4946216\/\">https:\/\/www.ncbi.nlm.nih.gov\/pmc\/articles\/PMC4946216\/<\/a><\/li>\n\n\n\n<li>Chaga Mushroom&nbsp;&nbsp;<a href=\"https:\/\/www.mskcc.org\/cancer-care\/integrative-medicine\/herbs\/chaga-mushroom\">https:\/\/www.mskcc.org\/cancer-care\/integrative-medicine\/herbs\/chaga-mushroom<\/a><\/li>\n<\/ul>\n\n\n\n<h2 class=\"wp-block-heading\" id=\"ginseng\">Ginseng<\/h2>\n\n\n\n<p>El Ginseng tiene una seria de efectos inmunomoduladores. Los suplementos de ginseng son consumidos por via oral y fermentados a compuestos de ginsenosido por la flora intestinal produciendo efectos protectores antivirales contra diferentes cepas de virus de la gripe en modelos con ratones (H1N1, H3N2, H5N1 y H7N9) cuya eficacia depende de la dosis de ginseng. Se puede encontrar en capsulas, raices secas, grageas, polvo y te.<\/p>\n\n\n\n<p><strong>Ginseng en capsulas, polvo o te<\/strong><\/p>\n\n\n\n<ul class=\"wp-block-list\">\n<li>Ginseng \u2013 Belebt den K\u00f6rper und aktiviert den Geist&nbsp;&nbsp;<a href=\"https:\/\/www.ginseng-wirkung.de\/\">https:\/\/www.ginseng-wirkung.de\/<\/a><\/li>\n\n\n\n<li>Antiviral Effect of Korean Red Ginseng Extract and Ginsenosides on Murine Norovirus and Feline Calicivirus as Surrogates for Human Norovirus&nbsp;&nbsp;<a href=\"https:\/\/www.ncbi.nlm.nih.gov\/pmc\/articles\/PMC3659551\/\">https:\/\/www.ncbi.nlm.nih.gov\/pmc\/articles\/PMC3659551\/<\/a><\/li>\n\n\n\n<li>CYP3A4&nbsp;&nbsp;<a href=\"https:\/\/flexikon.doccheck.com\/de\/CYP3A4#Inhibition\">https:\/\/flexikon.doccheck.com\/de\/CYP3A4#Inhibition<\/a><\/li>\n<\/ul>\n\n\n\n<h2 class=\"wp-block-heading\" id=\"extracto-de-toronja-grapefruit\">Extracto de Toronja (Grapefruit)<\/h2>\n\n\n\n<p>El jugo de toronja es un fuerte inhibidor de la enzima CYP3A4 en el intestino. El extracto de toronja se encuentra en el componente en Ritonavir, que se usa en sustancias para los tratamientos contra el VIH. Los inhibidores de CYP3A4 tambi\u00e9n se pueden encontrar en plantas de ra\u00edz amarilla como la c\u00farcuma, la valeriana y el ginseng rojo.<\/p>\n\n\n\n<p><strong>Jugo de Toronja<\/strong><\/p>\n\n\n\n<ul class=\"wp-block-list\">\n<li>CYP3A4&nbsp;&nbsp;<a href=\"https:\/\/flexikon.doccheck.com\/de\/CYP3A4#Inhibition\">https:\/\/flexikon.doccheck.com\/de\/CYP3A4#Inhibition<\/a><\/li>\n<\/ul>\n\n\n\n<h2 class=\"wp-block-heading\" id=\"curcuma\">Curcuma<\/h2>\n\n\n\n<p>Curcuma longa L. y su compuesto polifen\u00f3lico curcumina han sido sometidos a una variedad de investigaciones antimicrobianas debido a los extensos usos tradicionales y los bajos efectos secundarios. Se han reportado actividades antimicrobianas para la curcumina y el extracto de rizoma de C. longa contra diferentes bacterias, virus, hongos y par\u00e1sitos. La evidencia acumulada indica que la curcumina tiene un efecto inhibidor contra la infecci\u00f3n de numerosos virus. Para conseguir una mayor absorcion de la curcumina se recomienda agregar pimienta negra.<\/p>\n\n\n\n<p><strong>Curcuma en capsulas o en polvo (mezclado con un poco de pimienta negra)<\/strong><\/p>\n\n\n\n<ul class=\"wp-block-list\">\n<li>Why Pepper Boosts Turmeric Blood Levels&nbsp;&nbsp;<a href=\"https:\/\/nutritionfacts.org\/2015\/02\/05\/why-pepper-boosts-turmeric-blood-levels\/\">https:\/\/nutritionfacts.org\/2015\/02\/05\/why-pepper-boosts-turmeric-blood-levels\/<\/a><\/li>\n\n\n\n<li>Antiviral potential of curcumin&nbsp;<a href=\"https:\/\/www.sciencedirect.com\/science\/article\/abs\/pii\/S1756464617307399\">https:\/\/www.sciencedirect.com\/science\/article\/abs\/pii\/S1756464617307399<\/a><\/li>\n<\/ul>\n\n\n\n<h2 class=\"wp-block-heading\" id=\"hongo-agarikon-fomitopsis-officinalis\">Hongo Agarikon (Fomitopsis officinalis)<\/h2>\n\n\n\n<p>Esta especie de hongo tiene compuestos que demostraron tener propiedades antivirales que estan siendo investigados. Se sabe que algunos de estos compuestos son utiles para tratar la gripe porcina, gripe aviar, herpes oral y genital, y otros virus. Aun se requieren mas estudios pero los investigadores sugieren que puede ayudar a proteger contra virus y bacterias. Tambien existe evidencia que ayuda contra la influenza y la tuberculosis.<\/p>\n\n\n\n<p><strong>Hongo Agarikon en polvo, te, extracto o capsulas (500-3000mg dependiendo del peso y sexo, revisar el inserto del producto)<\/strong><\/p>\n\n\n\n<ul class=\"wp-block-list\">\n<li>Agarikon Mushroom (Fomitopsis officinalis): 8 Benefits of this Polypore&nbsp;&nbsp;<a href=\"https:\/\/medicinalherbals.net\/agarikon-mushroom\/\">https:\/\/medicinalherbals.net\/agarikon-mushroom\/<\/a><\/li>\n\n\n\n<li>New dietary supplements from medicinal mushrooms: Dr Myko San&#8211;a registration report&nbsp;&nbsp;<a href=\"https:\/\/www.ncbi.nlm.nih.gov\/pubmed\/22135883\">https:\/\/www.ncbi.nlm.nih.gov\/pubmed\/22135883<\/a><\/li>\n\n\n\n<li>Chlorinated Coumarins from the Polypore Mushroom, Fomitopsis officinalis, and their Activity Against&nbsp;<em>Mycobacterium tuberculosis<\/em>&nbsp;&nbsp;<a href=\"https:\/\/www.ncbi.nlm.nih.gov\/pmc\/articles\/PMC3851412\/\">https:\/\/www.ncbi.nlm.nih.gov\/pmc\/articles\/PMC3851412\/<\/a><\/li>\n<\/ul>\n\n\n\n<h2 class=\"wp-block-heading\" id=\"hongo-turkey-tail-trametes-versicolor\">Hongo Turkey Tail (Trametes Versicolor)<\/h2>\n\n\n\n<p>Este hongo esta mostrando resultados positivos en el tratamiento de cancer de mama y ayuda a fortaleces el sistema inmune.<\/p>\n\n\n\n<p><strong>Hongo Turkey Tail en polvo (mezclado con la compida) o capsulas (2000-3000mg x3 al dia)<\/strong><\/p>\n\n\n\n<ul class=\"wp-block-list\">\n<li>Turkey Tail Mushroom Proven by NIH Study to Fight Breast Cancer&nbsp;&nbsp;<a href=\"https:\/\/undergroundhealthreporter.com\/turkey-tail-mushroom\/\">https:\/\/undergroundhealthreporter.com\/turkey-tail-mushroom\/<\/a><\/li>\n\n\n\n<li>Phase 1 Clinical Trial of Trametes versicolor in Women with Breast Cancer&nbsp;&nbsp;<a href=\"https:\/\/www.ncbi.nlm.nih.gov\/pmc\/articles\/PMC3369477\/\">https:\/\/www.ncbi.nlm.nih.gov\/pmc\/articles\/PMC3369477\/<\/a><\/li>\n\n\n\n<li>Macrophage-stimulating activity of polysaccharides extracted from fruiting bodies of Coriolus versicolor (Turkey Tail Mushroom)&nbsp;&nbsp;<a href=\"https:\/\/www.ncbi.nlm.nih.gov\/pubmed\/16822202\">https:\/\/www.ncbi.nlm.nih.gov\/pubmed\/16822202<\/a><\/li>\n<\/ul>\n\n\n\n<h2 class=\"wp-block-heading\" id=\"respiracion-segun-el-metodo-wim-hof\">Respiracion seg\u00fan el metodo Wim Hof<\/h2>\n\n\n\n<p>La terapia de frio combinada con la respiracion Wim Hof promueve una serie de beneficios en la salud.&nbsp;<\/p>\n\n\n\n<p><strong>Duchas frias\/heladas combinadas con&nbsp;<a href=\"https:\/\/www.wimhofmethod.com\/breathing-exercises\">ejercicios de respiracion<\/a><\/strong><\/p>\n\n\n\n<ul class=\"wp-block-list\">\n<li>The science behind the Wim Hof method&nbsp;&nbsp;<a href=\"https:\/\/www.wimhofmethod.com\/science\">https:\/\/www.wimhofmethod.com\/science<\/a><\/li>\n\n\n\n<li>Voluntary activation of the sympathetic nervous system and attenuation of the innate immune response in humans&nbsp;&nbsp;&nbsp;<a href=\"https:\/\/www.ncbi.nlm.nih.gov\/pmc\/articles\/PMC4034215\/\">https:\/\/www.ncbi.nlm.nih.gov\/pmc\/articles\/PMC4034215\/<\/a><\/li>\n<\/ul>\n\n\n\n<h2 class=\"wp-block-heading\" id=\"ejercicio-fisico\">Ejercicio f\u00edsico<\/h2>\n\n\n\n<p>Los adultos que participan en niveles recomendados de actividad f\u00edsica logran una disminuci\u00f3n de la probabilidad de infecci\u00f3n por SARS-COV-2.<\/p>\n\n\n\n<ul class=\"wp-block-list\">\n<li><a href=\"https:\/\/bjsm.bmj.com\/content\/early\/2021\/07\/21\/bjsports-2021-104203\">La actividad f\u00edsica y el riesgo de infecci\u00f3n por SARS-COV-2, enfermedad severa de COVID-19 y COVID-19 Mortalidad relacionada en Corea del Sur: un estudio de cohorte a nivel nacional<\/a><\/li>\n<\/ul>\n\n\n\n<h2 class=\"wp-block-heading\" id=\"protocolo-personal\">Protocolo personal<\/h2>\n\n\n\n<p>Yo uso el siguiente protocolo diario, modif\u00edquenlo de acuerdo a su propia dieta e investigaci\u00f3n:<\/p>\n\n\n\n<ul class=\"wp-block-list\">\n<li>Vitamina C 1000mg<\/li>\n\n\n\n<li>Zinc 30mg<\/li>\n\n\n\n<li>Vitamina D3 4000 UI (hasta 5000 UI)<\/li>\n\n\n\n<li>Duchas frias <\/li>\n\n\n\n<li>No mascara<\/li>\n<\/ul>\n\n\n\n<p><\/p>\n","protected":false},"excerpt":{"rendered":"<p>Esta secci\u00f3n esta pensada para ver como nos podemos proteger del virus y otras infecciones. El principio b\u00e1sico es el de mantener el sistema inmune natural del cuerpo funcionando a un 100%. Este acercamiento mas natural es especialmente importante en paises con sistemas de salud debiles o paises con gran cantidad de personas viviendo en<\/p>\n","protected":false},"author":1,"featured_media":0,"parent":0,"menu_order":0,"comment_status":"closed","ping_status":"closed","template":"","meta":{"_monsterinsights_skip_tracking":false,"_monsterinsights_sitenote_active":false,"_monsterinsights_sitenote_note":"","_monsterinsights_sitenote_category":0,"footnotes":""},"class_list":["post-58","page","type-page","status-publish","hentry"],"_links":{"self":[{"href":"https:\/\/www.salud101.cc\/index.php\/wp-json\/wp\/v2\/pages\/58","targetHints":{"allow":["GET"]}}],"collection":[{"href":"https:\/\/www.salud101.cc\/index.php\/wp-json\/wp\/v2\/pages"}],"about":[{"href":"https:\/\/www.salud101.cc\/index.php\/wp-json\/wp\/v2\/types\/page"}],"author":[{"embeddable":true,"href":"https:\/\/www.salud101.cc\/index.php\/wp-json\/wp\/v2\/users\/1"}],"replies":[{"embeddable":true,"href":"https:\/\/www.salud101.cc\/index.php\/wp-json\/wp\/v2\/comments?post=58"}],"version-history":[{"count":21,"href":"https:\/\/www.salud101.cc\/index.php\/wp-json\/wp\/v2\/pages\/58\/revisions"}],"predecessor-version":[{"id":741,"href":"https:\/\/www.salud101.cc\/index.php\/wp-json\/wp\/v2\/pages\/58\/revisions\/741"}],"wp:attachment":[{"href":"https:\/\/www.salud101.cc\/index.php\/wp-json\/wp\/v2\/media?parent=58"}],"curies":[{"name":"wp","href":"https:\/\/api.w.org\/{rel}","templated":true}]}}